{"id":328,"date":"2023-09-19T18:40:46","date_gmt":"2023-09-19T16:40:46","guid":{"rendered":"http:\/\/manuleboulanger.fr\/?page_id=2"},"modified":"2026-04-13T10:56:16","modified_gmt":"2026-04-13T08:56:16","slug":"lemael-fr-page_id2","status":"publish","type":"page","link":"https:\/\/lemael.fr\/index.php\/lemael-fr-page_id2\/","title":{"rendered":"Bio"},"content":{"rendered":"\n<p><strong>L\u00e9mael<\/strong><\/p>\n\n\n\n<p><strong>Berc\u00e9 par Renaud et Springsteen, L\u00e9mael vous invite dans son univers de chanson fran\u00e7aise intimiste. Port\u00e9s par des tempos Rock Folk ou des arp\u00e8ges de guitare acoustique, ses textes sont des instantan\u00e9s du quotidien, des tranches de vie en vers et en musique, qui viennent susurrer \u00e0 votre oreille, convoquer votre propre histoire. Son premier album \u00ab\u00a0Le large\u00a0\u00bb est sorti sous le nom d&rsquo;artiste Manu LBLG.<\/strong><\/p>\n\n\n\n<p><strong>Auteur compositeur interpr\u00e8te ami\u00e9nois, L\u00e9mael a longtemps laiss\u00e9 de c\u00f4t\u00e9 la musique et travaill\u00e9 Pendant de nombreuses ann\u00e9es dans l\u2019ombre comme r\u00e9gisseur du son dans divers lieux culturels de la ville. Il y c\u00f4toie des artistes de tous horizons et se met \u00e0 leur service pour leur offrir les meilleures conditions pour pr\u00e9senter leurs spectacles. La vie passe et petit \u00e0 petit des \u00ab tranches de vie en vers et en musique \u00bb viennent noircir les pages de son cahier de chansons.<\/strong><\/p>\n\n\n\n<p><strong>2020 arrive et pose \u00e0 la soci\u00e9t\u00e9 la question de ce qui est ou n\u2019est pas essentiel\u2026 Ce qui se vit \u00e0 l\u2019ext\u00e9rieur est un reflet de ce qui se trame \u00e0 l\u2019int\u00e9rieur. Alors que L\u00e9mael s\u2019interroge depuis longtemps sur ce qui compte vraiment pour lui, les notes et les mots se bousculent, s\u2019assemblent comme par magie, pour donner naissance \u00e0 de nouvelles chansons.<\/strong><\/p>\n\n\n\n<p><strong>Ces chansons, il sent qu\u2019elles le soignent. A travers les sujets qu\u2019elles abordent, elles apportent les vibrations qui, parfois, viennent lib\u00e9rer des \u00e9motions oubli\u00e9es, enfouies, retenues\u2026 Alors il veut qu\u2019elles vivent, qu\u2019elles rencontrent le public, qu\u2019elles touchent les c\u0153urs et les \u00e2mes! C\u2019est ainsi que \u00abLe large\u00bb, un album auto produit et r\u00e9alis\u00e9 de 13 titres, voit le jour sous le nom d\u2019artiste \u00ab\u00a0Manu LBLG\u00a0\u00bb et part sur son chemin de d\u00e9couvertes et de rencontres.<\/strong><\/p>\n\n\n\n<p><strong>Depuis, L\u00e9mael a jou\u00e9 dans divers tiers lieux o\u00f9 il a r\u00f4d\u00e9 son set, suivi deux stages au centre des \u00e9critures de la chanson d\u2019Astaffort, tourn\u00e9 un premier clip sorti en juin 2023 puis un deuxi\u00e8me sorti en janvier 2025. Les nouvelles chansons venues \u00e9toffer son r\u00e9pertoire et ont fait na\u00eetre un projet d\u2019EP en cours d\u2019enregistrement dont \u00ab\u00a0Dessine-moi\u00a0\u00bb est le premier extrait.<\/strong><\/p>\n\n\n\n<p><strong>\u00ab\u00a0Dessine-moi\u00a0\u00bb est le premier titre \u00e0 sortir sous le nom d\u2019artiste L\u00e9mael. Cette chanson est un coup de gueule. Face \u00e0 une soci\u00e9t\u00e9 qui a masqu\u00e9 les plus jeunes pour le bien de ses anciens, comme si elle avait oubli\u00e9 que c\u2019est au grands de prot\u00e9ger les petits, et en hommage aux collectifs de parents qui se sont dress\u00e9s pour d\u00e9fendre leurs enfants, cette chanson \u00e9voque un Petit Prince qui interpelle un artiste sur son silence \u00e0 ce sujet.<\/strong><\/p>\n\n\n\n<p><strong>\u00abL\u00e9mael prend le large \u00bb, c\u2019est un rendez-vous intimiste de chansons originales agr\u00e9ment\u00e9es de quelques reprises (Renaud, Goldman, Cabrel, HK et les saltimbanks, Zaz\u2026), un moment de partage de mots et de notes.<\/strong><\/p>\n\n\n\n<p><\/p>\n\n\n\n<p><\/p>\n","protected":false},"excerpt":{"rendered":"<p>L\u00e9mael Berc\u00e9 par Renaud et Springsteen, L\u00e9mael vous invite dans son univers de chanson fran\u00e7aise intimiste. Port\u00e9s par des tempos [&hellip;]<\/p>\n","protected":false},"author":2,"featured_media":0,"parent":0,"menu_order":1,"comment_status":"closed","ping_status":"closed","template":"","meta":{"footnotes":""},"class_list":["post-328","page","type-page","status-publish","hentry"],"_links":{"self":[{"href":"https:\/\/lemael.fr\/index.php\/wp-json\/wp\/v2\/pages\/328","targetHints":{"allow":["GET"]}}],"collection":[{"href":"https:\/\/lemael.fr\/index.php\/wp-json\/wp\/v2\/pages"}],"about":[{"href":"https:\/\/lemael.fr\/index.php\/wp-json\/wp\/v2\/types\/page"}],"author":[{"embeddable":true,"href":"https:\/\/lemael.fr\/index.php\/wp-json\/wp\/v2\/users\/2"}],"replies":[{"embeddable":true,"href":"https:\/\/lemael.fr\/index.php\/wp-json\/wp\/v2\/comments?post=328"}],"version-history":[{"count":7,"href":"https:\/\/lemael.fr\/index.php\/wp-json\/wp\/v2\/pages\/328\/revisions"}],"predecessor-version":[{"id":662,"href":"https:\/\/lemael.fr\/index.php\/wp-json\/wp\/v2\/pages\/328\/revisions\/662"}],"wp:attachment":[{"href":"https:\/\/lemael.fr\/index.php\/wp-json\/wp\/v2\/media?parent=328"}],"curies":[{"name":"wp","href":"https:\/\/api.w.org\/{rel}","templated":true}]}}